{"id":49838,"date":"2022-02-14T11:51:08","date_gmt":"2022-02-14T10:51:08","guid":{"rendered":"https:\/\/www.edvgarden.com\/?page_id=49838"},"modified":"2024-01-30T16:44:34","modified_gmt":"2024-01-30T15:44:34","slug":"installazione-19","status":"publish","type":"page","link":"https:\/\/www.edvgarden.com\/it\/giardino\/installazioni\/installazione-19\/","title":{"rendered":"Scheda installazione 19"},"content":{"rendered":"<p>[et_pb_section fb_built=&#8221;1&#8243; custom_padding_last_edited=&#8221;on|desktop&#8221; _builder_version=&#8221;4.16&#8243; background_color=&#8221;#f8f6f4&#8243; use_background_color_gradient=&#8221;on&#8221; background_color_gradient_stops=&#8221;rgba(255,255,255,0.6) 0%|rgba(255,255,255,0.3) 100%&#8221; background_color_gradient_start=&#8221;rgba(255,255,255,0.6)&#8221; background_color_gradient_end=&#8221;rgba(255,255,255,0.3)&#8221; background_enable_image=&#8221;off&#8221; background_blend=&#8221;overlay&#8221; module_alignment=&#8221;center&#8221; custom_margin_tablet=&#8221;&#8221; custom_margin_phone=&#8221;&#8221; custom_margin_last_edited=&#8221;on|desktop&#8221; custom_padding_tablet=&#8221;&#8221; custom_padding_phone=&#8221;&#8221; global_colors_info=&#8221;{}&#8221;][et_pb_row column_structure=&#8221;2_3,1_3&#8243; custom_padding_last_edited=&#8221;on|tablet&#8221; _builder_version=&#8221;4.16&#8243; background_size=&#8221;initial&#8221; background_position=&#8221;top_left&#8221; background_repeat=&#8221;repeat&#8221; custom_padding=&#8221;0px||||false|false&#8221; custom_padding_tablet=&#8221;0px||||false|false&#8221; custom_padding_phone=&#8221;0px||||false|false&#8221; use_custom_width=&#8221;on&#8221; global_colors_info=&#8221;{}&#8221;][et_pb_column type=&#8221;2_3&#8243; _builder_version=&#8221;4.16&#8243; custom_padding=&#8221;|||&#8221; global_colors_info=&#8221;{}&#8221; custom_padding__hover=&#8221;|||&#8221;][et_pb_text admin_label=&#8221;Titolo scheda&#8221; _builder_version=&#8221;4.16&#8243; text_font=&#8221;Muli||||||||&#8221; header_font=&#8221;Playfair Display||||||||&#8221; header_text_align=&#8221;left&#8221; header_text_color=&#8221;#0b4a3c&#8221; header_font_size_tablet=&#8221;40px&#8221; header_font_size_phone=&#8221;35px&#8221; header_font_size_last_edited=&#8221;on|phone&#8221; global_colors_info=&#8221;{}&#8221;]<\/p>\n<h1>19. La Gabbia delle Pappagalline<\/h1>\n<p>[\/et_pb_text][\/et_pb_column][et_pb_column type=&#8221;1_3&#8243; _builder_version=&#8221;4.16&#8243; custom_padding=&#8221;|||&#8221; global_colors_info=&#8221;{}&#8221; custom_padding__hover=&#8221;|||&#8221;][\/et_pb_column][\/et_pb_row][et_pb_row column_structure=&#8221;2_3,1_3&#8243; custom_padding_last_edited=&#8221;on|tablet&#8221; _builder_version=&#8221;4.16&#8243; background_size=&#8221;initial&#8221; background_position=&#8221;top_left&#8221; background_repeat=&#8221;repeat&#8221; custom_padding_tablet=&#8221;0px||||false|false&#8221; custom_padding_phone=&#8221;0px||||false|false&#8221; use_custom_width=&#8221;on&#8221; global_colors_info=&#8221;{}&#8221;][et_pb_column type=&#8221;2_3&#8243; _builder_version=&#8221;4.16&#8243; custom_padding=&#8221;|||&#8221; global_colors_info=&#8221;{}&#8221; custom_padding__hover=&#8221;|||&#8221;][et_pb_text admin_label=&#8221;Testo scheda&#8221; _builder_version=&#8221;4.16&#8243; header_font=&#8221;||||||||&#8221; header_2_font=&#8221;Playfair Display|300|||||||&#8221; header_2_text_color=&#8221;#00362a&#8221; header_2_font_size=&#8221;24px&#8221; header_2_line_height=&#8221;1.6em&#8221; header_2_font_size_tablet=&#8221;22px&#8221; header_2_font_size_phone=&#8221;20px&#8221; header_2_font_size_last_edited=&#8221;on|phone&#8221; global_colors_info=&#8221;{}&#8221;]<\/p>\n<h2>Nella zona del podere pi\u00f9 riparata dal vento e dove la mattina c&#8217;\u00e8 il sole, ho costruito una voliera per pappagalli, colorata di azzurro e oro nel quale fa da trespolo un ulivo imprigionato. In questo pollaio \u201cgioiello\u201d ho collocato quattro simpatiche galline scelte fra diverse specie ornamentali che ho fantasiosamente soprannominato \u201cpappagalline dalle uova d\u2019oro\u201d. <\/h2>\n<p>[\/et_pb_text][et_pb_text admin_label=&#8221;Testo Immaginazione&#8221; _builder_version=&#8221;4.16&#8243; text_font=&#8221;Playfair Display||||||||&#8221; text_text_color=&#8221;#00362a&#8221; text_font_size=&#8221;20px&#8221; text_line_height=&#8221;1.4em&#8221; header_font=&#8221;||||||||&#8221; header_2_font=&#8221;Playfair Display||||||||&#8221; header_3_font=&#8221;Playfair Display|700|||||||&#8221; header_3_text_color=&#8221;#00362a&#8221; header_3_font_size=&#8221;21px&#8221; header_3_line_height=&#8221;1.5em&#8221; text_font_size_tablet=&#8221;17px&#8221; text_font_size_phone=&#8221;16px&#8221; text_font_size_last_edited=&#8221;on|phone&#8221; header_3_font_size_tablet=&#8221;20px&#8221; header_3_font_size_phone=&#8221;18px&#8221; header_3_font_size_last_edited=&#8221;on|phone&#8221; global_colors_info=&#8221;{}&#8221;]<\/p>\n<h3>Pensiero e immaginazione<\/h3>\n<p>La mia prima infanzia \u00e8 trascorsa in campagna con un grande orto e tanti animali. Una volta trasferita in citt\u00e0 \u00e8 cresciuto in me il desiderio di ritrovare quei momenti spensierati in compagnia degli animali. Li rivivo rilassandomi seduta sulle panchine collocate attorno al pollaio e mentre le osservo zampettare mi trasmettono sempre una certa allegria. Funziona: provare per credere! Le mie pappagalline non avrebbero mai immaginato che i loro pi\u00f9 grandi fan sarebbero stati i gatti di casa\u2026chiss\u00e0 perch\u00e9?!<\/p>\n<p>[\/et_pb_text][et_pb_text admin_label=&#8221;Testo Immaginazione&#8221; _builder_version=&#8221;4.16&#8243; text_font=&#8221;Playfair Display||||||||&#8221; text_text_color=&#8221;#00362a&#8221; text_font_size=&#8221;20px&#8221; text_line_height=&#8221;1.4em&#8221; header_font=&#8221;||||||||&#8221; header_2_font=&#8221;Playfair Display||||||||&#8221; header_3_font=&#8221;Playfair Display|700|||||||&#8221; header_3_text_color=&#8221;#00362a&#8221; header_3_font_size=&#8221;21px&#8221; header_3_line_height=&#8221;1.5em&#8221; background_color=&#8221;rgba(0,0,0,0.08)&#8221; custom_padding=&#8221;15px|15px|15px|15px|true|true&#8221; text_font_size_tablet=&#8221;17px&#8221; text_font_size_phone=&#8221;16px&#8221; text_font_size_last_edited=&#8221;on|phone&#8221; header_3_font_size_tablet=&#8221;20px&#8221; header_3_font_size_phone=&#8221;18px&#8221; header_3_font_size_last_edited=&#8221;on|phone&#8221; global_colors_info=&#8221;{}&#8221;]<\/p>\n<p><em>Osservare la bellezza degli animali, scrutarne i particolari, aiuta a non perdere la capacit\u00e0 di stupirsi delle meraviglie del Creato. <\/em><\/p>\n<p>[\/et_pb_text][\/et_pb_column][et_pb_column type=&#8221;1_3&#8243; _builder_version=&#8221;4.16&#8243; custom_padding=&#8221;|||&#8221; global_colors_info=&#8221;{}&#8221; custom_padding__hover=&#8221;|||&#8221;][et_pb_text admin_label=&#8221;Piante utilizzate&#8221; _builder_version=&#8221;4.16&#8243; text_font=&#8221;Muli||||||||&#8221; text_text_color=&#8221;#000000&#8243; header_font=&#8221;||||||||&#8221; header_text_color=&#8221;#000000&#8243; header_2_font=&#8221;||||||||&#8221; header_3_font=&#8221;Muli|600|||||||&#8221; header_3_text_color=&#8221;#000000&#8243; header_3_font_size=&#8221;20px&#8221; header_4_font=&#8221;||||||||&#8221; header_font_size_tablet=&#8221;40px&#8221; header_font_size_phone=&#8221;35px&#8221; header_font_size_last_edited=&#8221;on|phone&#8221; header_3_font_size_tablet=&#8221;&#8221; header_3_font_size_phone=&#8221;18px&#8221; header_3_font_size_last_edited=&#8221;on|tablet&#8221; global_colors_info=&#8221;{}&#8221;]<\/p>\n<h3>Piante utilizzate<\/h3>\n<p><em>Albicocco (prunus armeniaca)<\/em><br \/>\n<em>Cotoneaster (cotoneaster lacteus)<\/em><br \/>\n<em>Edera (hedera helix)<\/em><br \/>\n<em>Graminacea (stipa tenuissima)<\/em><br \/>\n<em>Iris (iris germanica)<\/em><br \/>\n<em>Maggiorana (origanum majorana)<\/em><br \/>\n<em>Olivo (olea europaea)<\/em><br \/>\n<em>Spirea bianca (spiraea)<\/em><br \/>\n<em>Uva fragola (vitis labrusca)<\/em><\/p>\n<p><em>Fioriture stagionali (pans\u00e9, begonie)<\/em><\/p>\n<p><em>\u00a0<\/em>[\/et_pb_text][\/et_pb_column][\/et_pb_row][et_pb_row column_structure=&#8221;1_3,1_3,1_3&#8243; _builder_version=&#8221;4.16&#8243; background_size=&#8221;initial&#8221; background_position=&#8221;top_left&#8221; background_repeat=&#8221;repeat&#8221; use_custom_width=&#8221;on&#8221; global_colors_info=&#8221;{}&#8221;][et_pb_column type=&#8221;1_3&#8243; _builder_version=&#8221;4.16&#8243; background_blend=&#8221;multiply&#8221; custom_padding=&#8221;|||&#8221; global_colors_info=&#8221;{}&#8221; custom_padding__hover=&#8221;|||&#8221;][et_pb_image src=&#8221;https:\/\/www.edvgarden.com\/wp-content\/uploads\/2022\/02\/19_gabbia_800_01.jpg&#8221; show_in_lightbox=&#8221;on&#8221; use_overlay=&#8221;on&#8221; overlay_icon_color=&#8221;#ffffff&#8221; hover_overlay_color=&#8221;rgba(0,54,42,0.5)&#8221; hover_icon=&#8221;&#x50;||divi||400&#8243; align_tablet=&#8221;center&#8221; align_phone=&#8221;&#8221; align_last_edited=&#8221;on|desktop&#8221; admin_label=&#8221;Immagine 1&#8243; _builder_version=&#8221;4.16&#8243; border_width_all=&#8221;2px&#8221; border_color_all=&#8221;#000000&#8243; global_colors_info=&#8221;{}&#8221;][\/et_pb_image][\/et_pb_column][et_pb_column type=&#8221;1_3&#8243; _builder_version=&#8221;4.16&#8243; custom_padding=&#8221;|||&#8221; global_colors_info=&#8221;{}&#8221; custom_padding__hover=&#8221;|||&#8221;][et_pb_image src=&#8221;https:\/\/www.edvgarden.com\/wp-content\/uploads\/2022\/02\/19_gabbia_800_05.jpg&#8221; show_in_lightbox=&#8221;on&#8221; use_overlay=&#8221;on&#8221; overlay_icon_color=&#8221;#ffffff&#8221; hover_overlay_color=&#8221;rgba(0,54,42,0.5)&#8221; hover_icon=&#8221;&#x50;||divi||400&#8243; align_tablet=&#8221;center&#8221; align_phone=&#8221;&#8221; align_last_edited=&#8221;on|desktop&#8221; admin_label=&#8221;Immagine 2&#8243; _builder_version=&#8221;4.16&#8243; border_width_all=&#8221;2px&#8221; border_color_all=&#8221;#000000&#8243; global_colors_info=&#8221;{}&#8221;][\/et_pb_image][\/et_pb_column][et_pb_column type=&#8221;1_3&#8243; _builder_version=&#8221;4.16&#8243; custom_padding=&#8221;|||&#8221; global_colors_info=&#8221;{}&#8221; custom_padding__hover=&#8221;|||&#8221;][et_pb_image src=&#8221;https:\/\/www.edvgarden.com\/wp-content\/uploads\/2022\/01\/logo2_EDV_scheda.gif&#8221; title_text=&#8221;logo2_EDV_scheda&#8221; src_tablet=&#8221;https:\/\/www.edvgarden.com\/wp-content\/uploads\/2022\/02\/logo2_EDV_scheda_new.png&#8221; src_phone=&#8221;&#8221; src_last_edited=&#8221;on|phone&#8221; admin_label=&#8221;logo&#8221; _builder_version=&#8221;4.16&#8243; max_width_tablet=&#8221;400px&#8221; max_width_phone=&#8221;400px&#8221; max_width_last_edited=&#8221;on|phone&#8221; max_height_tablet=&#8221;&#8221; max_height_phone=&#8221;&#8221; max_height_last_edited=&#8221;on|phone&#8221; custom_margin_tablet=&#8221;||||false|false&#8221; custom_margin_phone=&#8221;||||false|false&#8221; custom_margin_last_edited=&#8221;on|desktop&#8221; custom_padding_tablet=&#8221;&#8221; custom_padding_phone=&#8221;&#8221; custom_padding_last_edited=&#8221;on|desktop&#8221; module_alignment_tablet=&#8221;center&#8221; module_alignment_phone=&#8221;center&#8221; module_alignment_last_edited=&#8221;on|tablet&#8221; locked=&#8221;off&#8221; global_colors_info=&#8221;{}&#8221;][\/et_pb_image][\/et_pb_column][\/et_pb_row][et_pb_row _builder_version=&#8221;4.16&#8243; custom_margin=&#8221;||&#8221; custom_padding=&#8221;20px||0px&#8221; use_custom_width=&#8221;on&#8221; global_colors_info=&#8221;{}&#8221;][et_pb_column type=&#8221;4_4&#8243; _builder_version=&#8221;4.16&#8243; custom_padding=&#8221;|||&#8221; global_colors_info=&#8221;{}&#8221; custom_padding__hover=&#8221;|||&#8221;][et_pb_divider color=&#8221;#00362a&#8221; _builder_version=&#8221;4.16&#8243; height=&#8221;10px&#8221; global_colors_info=&#8221;{}&#8221;][\/et_pb_divider][\/et_pb_column][\/et_pb_row][et_pb_row column_structure=&#8221;1_3,1_3,1_3&#8243; admin_label=&#8221;Riga menu scheda def&#8221; _builder_version=&#8221;4.16&#8243; background_size=&#8221;initial&#8221; background_position=&#8221;top_left&#8221; background_repeat=&#8221;repeat&#8221; max_width=&#8221;800px&#8221; module_alignment=&#8221;center&#8221; use_custom_width=&#8221;on&#8221; custom_width_px=&#8221;600px&#8221; locked=&#8221;off&#8221; global_colors_info=&#8221;{}&#8221;][et_pb_column type=&#8221;1_3&#8243; _builder_version=&#8221;4.16&#8243; custom_padding=&#8221;|||&#8221; global_colors_info=&#8221;{}&#8221; custom_padding__hover=&#8221;|||&#8221;][et_pb_image src=&#8221;https:\/\/www.edvgarden.com\/wp-content\/uploads\/2022\/01\/gardening-icon-green-02.png&#8221; url=&#8221;@ET-DC@eyJkeW5hbWljIjp0cnVlLCJjb250ZW50IjoicG9zdF9saW5rX3VybF9wYWdlIiwic2V0dGluZ3MiOnsicG9zdF9pZCI6IjU0NDExIn19@&#8221; align=&#8221;center&#8221; align_tablet=&#8221;center&#8221; align_phone=&#8221;&#8221; align_last_edited=&#8221;on|desktop&#8221; admin_label=&#8221;Img Giardino&#8221; _builder_version=&#8221;4.24.0&#8243; _dynamic_attributes=&#8221;url&#8221; hover_enabled=&#8221;0&#8243; global_colors_info=&#8221;{}&#8221; sticky_enabled=&#8221;0&#8243;][\/et_pb_image][et_pb_cta title=&#8221;Giardino&#8221; button_url=&#8221;@ET-DC@eyJkeW5hbWljIjp0cnVlLCJjb250ZW50IjoicG9zdF9saW5rX3VybF9wYWdlIiwic2V0dGluZ3MiOnsicG9zdF9pZCI6IjYwMyJ9fQ==@&#8221; admin_label=&#8221;Titolo Giardino&#8221; _builder_version=&#8221;4.16&#8243; _dynamic_attributes=&#8221;button_url&#8221; header_font=&#8221;Montserrat|700|||||||&#8221; header_text_align=&#8221;center&#8221; header_text_color=&#8221;#0b4a3c&#8221; header_font_size=&#8221;18px&#8221; use_background_color=&#8221;off&#8221; global_colors_info=&#8221;{}&#8221;][\/et_pb_cta][\/et_pb_column][et_pb_column type=&#8221;1_3&#8243; _builder_version=&#8221;4.16&#8243; custom_padding=&#8221;|||&#8221; global_colors_info=&#8221;{}&#8221; custom_padding__hover=&#8221;|||&#8221;][et_pb_image src=&#8221;https:\/\/www.edvgarden.com\/wp-content\/uploads\/2022\/02\/gardening-icon-green-09-1.png&#8221; url=&#8221;@ET-DC@eyJkeW5hbWljIjp0cnVlLCJjb250ZW50IjoicG9zdF9saW5rX3VybF9wYWdlIiwic2V0dGluZ3MiOnsicG9zdF9pZCI6Ijk0NSJ9fQ==@&#8221; align=&#8221;center&#8221; align_tablet=&#8221;center&#8221; align_phone=&#8221;&#8221; align_last_edited=&#8221;on|desktop&#8221; admin_label=&#8221;Img Mappa&#8221; _builder_version=&#8221;4.16&#8243; _dynamic_attributes=&#8221;url&#8221; global_colors_info=&#8221;{}&#8221;][\/et_pb_image][et_pb_cta title=&#8221;Mappa&#8221; button_url=&#8221;@ET-DC@eyJkeW5hbWljIjp0cnVlLCJjb250ZW50IjoicG9zdF9saW5rX3VybF9wYWdlIiwic2V0dGluZ3MiOnsicG9zdF9pZCI6Ijk0NSJ9fQ==@&#8221; admin_label=&#8221;Titolo Mappa&#8221; _builder_version=&#8221;4.16&#8243; _dynamic_attributes=&#8221;button_url&#8221; header_font=&#8221;Montserrat|700|||||||&#8221; header_text_align=&#8221;center&#8221; header_text_color=&#8221;#0b4a3c&#8221; header_font_size=&#8221;18px&#8221; use_background_color=&#8221;off&#8221; global_colors_info=&#8221;{}&#8221;][\/et_pb_cta][\/et_pb_column][et_pb_column type=&#8221;1_3&#8243; _builder_version=&#8221;4.16&#8243; custom_padding=&#8221;|||&#8221; global_colors_info=&#8221;{}&#8221; custom_padding__hover=&#8221;|||&#8221;][et_pb_image src=&#8221;https:\/\/www.edvgarden.com\/wp-content\/uploads\/2022\/01\/gardening-icon-green-07.png&#8221; url=&#8221;@ET-DC@eyJkeW5hbWljIjp0cnVlLCJjb250ZW50IjoicG9zdF9saW5rX3VybF9wYWdlIiwic2V0dGluZ3MiOnsicG9zdF9pZCI6Ijc1MyJ9fQ==@&#8221; align=&#8221;center&#8221; align_tablet=&#8221;center&#8221; align_phone=&#8221;&#8221; align_last_edited=&#8221;on|desktop&#8221; admin_label=&#8221;Img Installazioni&#8221; _builder_version=&#8221;4.16&#8243; _dynamic_attributes=&#8221;url&#8221; global_colors_info=&#8221;{}&#8221;][\/et_pb_image][et_pb_cta title=&#8221;Installazioni&#8221; button_url=&#8221;@ET-DC@eyJkeW5hbWljIjp0cnVlLCJjb250ZW50IjoicG9zdF9saW5rX3VybF9wYWdlIiwic2V0dGluZ3MiOnsicG9zdF9pZCI6Ijc1MyJ9fQ==@&#8221; admin_label=&#8221;Titolo Installazioni&#8221; _builder_version=&#8221;4.16&#8243; _dynamic_attributes=&#8221;button_url&#8221; header_font=&#8221;Montserrat|700|||||||&#8221; header_text_align=&#8221;center&#8221; header_text_color=&#8221;#0b4a3c&#8221; header_font_size=&#8221;18px&#8221; use_background_color=&#8221;off&#8221; global_colors_info=&#8221;{}&#8221;][\/et_pb_cta][\/et_pb_column][\/et_pb_row][\/et_pb_section]<\/p>\n","protected":false},"excerpt":{"rendered":"<p>19. La Gabbia delle PappagallineNella zona del podere pi\u00f9 riparata dal vento e dove la mattina c&#8217;\u00e8 il sole, ho costruito una voliera per pappagalli, colorata di azzurro e oro nel quale fa da trespolo un ulivo imprigionato. In questo pollaio \u201cgioiello\u201d ho collocato quattro simpatiche galline scelte fra diverse specie ornamentali che ho fantasiosamente [&hellip;]<\/p>\n","protected":false},"author":2,"featured_media":0,"parent":753,"menu_order":0,"comment_status":"closed","ping_status":"closed","template":"","meta":{"_et_pb_use_builder":"on","_et_pb_old_content":"","_et_gb_content_width":"","footnotes":""},"class_list":["post-49838","page","type-page","status-publish","hentry"],"yoast_head":"<!-- This site is optimized with the Yoast SEO plugin v27.3 - https:\/\/yoast.com\/product\/yoast-seo-wordpress\/ -->\n<title>Scheda installazione 19 | EdV a Garden with a View<\/title>\n<meta name=\"robots\" content=\"index, follow, max-snippet:-1, max-image-preview:large, max-video-preview:-1\" \/>\n<link rel=\"canonical\" href=\"https:\/\/www.edvgarden.com\/it\/giardino\/installazioni\/installazione-19\/\" \/>\n<meta property=\"og:locale\" content=\"it_IT\" \/>\n<meta property=\"og:type\" content=\"article\" \/>\n<meta property=\"og:title\" content=\"Scheda installazione 19 | EdV a Garden with a View\" \/>\n<meta property=\"og:description\" content=\"19. La Gabbia delle PappagallineNella zona del podere pi\u00f9 riparata dal vento e dove la mattina c&#039;\u00e8 il sole, ho costruito una voliera per pappagalli, colorata di azzurro e oro nel quale fa da trespolo un ulivo imprigionato. In questo pollaio \u201cgioiello\u201d ho collocato quattro simpatiche galline scelte fra diverse specie ornamentali che ho fantasiosamente [&hellip;]\" \/>\n<meta property=\"og:url\" content=\"https:\/\/www.edvgarden.com\/it\/giardino\/installazioni\/installazione-19\/\" \/>\n<meta property=\"og:site_name\" content=\"EdV a Garden with a View\" \/>\n<meta property=\"article:modified_time\" content=\"2024-01-30T15:44:34+00:00\" \/>\n<meta property=\"og:image\" content=\"https:\/\/www.edvgarden.com\/wp-content\/uploads\/2022\/01\/logo_EDV_400.png\" \/>\n\t<meta property=\"og:image:width\" content=\"400\" \/>\n\t<meta property=\"og:image:height\" content=\"400\" \/>\n\t<meta property=\"og:image:type\" content=\"image\/png\" \/>\n<meta name=\"twitter:card\" content=\"summary_large_image\" \/>\n<script type=\"application\/ld+json\" class=\"yoast-schema-graph\">{\"@context\":\"https:\\\/\\\/schema.org\",\"@graph\":[{\"@type\":\"WebPage\",\"@id\":\"https:\\\/\\\/www.edvgarden.com\\\/it\\\/giardino\\\/installazioni\\\/installazione-19\\\/\",\"url\":\"https:\\\/\\\/www.edvgarden.com\\\/it\\\/giardino\\\/installazioni\\\/installazione-19\\\/\",\"name\":\"Scheda installazione 19 | EdV a Garden with a View\",\"isPartOf\":{\"@id\":\"https:\\\/\\\/www.edvgarden.com\\\/it\\\/#website\"},\"datePublished\":\"2022-02-14T10:51:08+00:00\",\"dateModified\":\"2024-01-30T15:44:34+00:00\",\"breadcrumb\":{\"@id\":\"https:\\\/\\\/www.edvgarden.com\\\/it\\\/giardino\\\/installazioni\\\/installazione-19\\\/#breadcrumb\"},\"inLanguage\":\"it-IT\",\"potentialAction\":[{\"@type\":\"ReadAction\",\"target\":[\"https:\\\/\\\/www.edvgarden.com\\\/it\\\/giardino\\\/installazioni\\\/installazione-19\\\/\"]}]},{\"@type\":\"BreadcrumbList\",\"@id\":\"https:\\\/\\\/www.edvgarden.com\\\/it\\\/giardino\\\/installazioni\\\/installazione-19\\\/#breadcrumb\",\"itemListElement\":[{\"@type\":\"ListItem\",\"position\":1,\"name\":\"Home\",\"item\":\"https:\\\/\\\/www.edvgarden.com\\\/it\\\/\"},{\"@type\":\"ListItem\",\"position\":2,\"name\":\"Giardino\",\"item\":\"https:\\\/\\\/www.edvgarden.com\\\/it\\\/giardino\\\/\"},{\"@type\":\"ListItem\",\"position\":3,\"name\":\"Installazioni\",\"item\":\"https:\\\/\\\/www.edvgarden.com\\\/it\\\/giardino\\\/installazioni\\\/\"},{\"@type\":\"ListItem\",\"position\":4,\"name\":\"Scheda installazione 19\"}]},{\"@type\":\"WebSite\",\"@id\":\"https:\\\/\\\/www.edvgarden.com\\\/it\\\/#website\",\"url\":\"https:\\\/\\\/www.edvgarden.com\\\/it\\\/\",\"name\":\"EdV a Garden with a View\",\"description\":\"A Garden With a View in Florence\",\"publisher\":{\"@id\":\"https:\\\/\\\/www.edvgarden.com\\\/it\\\/#organization\"},\"potentialAction\":[{\"@type\":\"SearchAction\",\"target\":{\"@type\":\"EntryPoint\",\"urlTemplate\":\"https:\\\/\\\/www.edvgarden.com\\\/it\\\/?s={search_term_string}\"},\"query-input\":{\"@type\":\"PropertyValueSpecification\",\"valueRequired\":true,\"valueName\":\"search_term_string\"}}],\"inLanguage\":\"it-IT\"},{\"@type\":\"Organization\",\"@id\":\"https:\\\/\\\/www.edvgarden.com\\\/it\\\/#organization\",\"name\":\"EdV Garden di Alice Benedetta Esclapon de Villeneuve\",\"url\":\"https:\\\/\\\/www.edvgarden.com\\\/it\\\/\",\"logo\":{\"@type\":\"ImageObject\",\"inLanguage\":\"it-IT\",\"@id\":\"https:\\\/\\\/www.edvgarden.com\\\/it\\\/#\\\/schema\\\/logo\\\/image\\\/\",\"url\":\"https:\\\/\\\/www.edvgarden.com\\\/wp-content\\\/uploads\\\/2022\\\/01\\\/logo_EDV_rotondo.png\",\"contentUrl\":\"https:\\\/\\\/www.edvgarden.com\\\/wp-content\\\/uploads\\\/2022\\\/01\\\/logo_EDV_rotondo.png\",\"width\":2480,\"height\":2480,\"caption\":\"EdV Garden di Alice Benedetta Esclapon de Villeneuve\"},\"image\":{\"@id\":\"https:\\\/\\\/www.edvgarden.com\\\/it\\\/#\\\/schema\\\/logo\\\/image\\\/\"}}]}<\/script>\n<!-- \/ Yoast SEO plugin. -->","yoast_head_json":{"title":"Scheda installazione 19 | EdV a Garden with a View","robots":{"index":"index","follow":"follow","max-snippet":"max-snippet:-1","max-image-preview":"max-image-preview:large","max-video-preview":"max-video-preview:-1"},"canonical":"https:\/\/www.edvgarden.com\/it\/giardino\/installazioni\/installazione-19\/","og_locale":"it_IT","og_type":"article","og_title":"Scheda installazione 19 | EdV a Garden with a View","og_description":"19. La Gabbia delle PappagallineNella zona del podere pi\u00f9 riparata dal vento e dove la mattina c'\u00e8 il sole, ho costruito una voliera per pappagalli, colorata di azzurro e oro nel quale fa da trespolo un ulivo imprigionato. In questo pollaio \u201cgioiello\u201d ho collocato quattro simpatiche galline scelte fra diverse specie ornamentali che ho fantasiosamente [&hellip;]","og_url":"https:\/\/www.edvgarden.com\/it\/giardino\/installazioni\/installazione-19\/","og_site_name":"EdV a Garden with a View","article_modified_time":"2024-01-30T15:44:34+00:00","og_image":[{"width":400,"height":400,"url":"https:\/\/www.edvgarden.com\/wp-content\/uploads\/2022\/01\/logo_EDV_400.png","type":"image\/png"}],"twitter_card":"summary_large_image","schema":{"@context":"https:\/\/schema.org","@graph":[{"@type":"WebPage","@id":"https:\/\/www.edvgarden.com\/it\/giardino\/installazioni\/installazione-19\/","url":"https:\/\/www.edvgarden.com\/it\/giardino\/installazioni\/installazione-19\/","name":"Scheda installazione 19 | EdV a Garden with a View","isPartOf":{"@id":"https:\/\/www.edvgarden.com\/it\/#website"},"datePublished":"2022-02-14T10:51:08+00:00","dateModified":"2024-01-30T15:44:34+00:00","breadcrumb":{"@id":"https:\/\/www.edvgarden.com\/it\/giardino\/installazioni\/installazione-19\/#breadcrumb"},"inLanguage":"it-IT","potentialAction":[{"@type":"ReadAction","target":["https:\/\/www.edvgarden.com\/it\/giardino\/installazioni\/installazione-19\/"]}]},{"@type":"BreadcrumbList","@id":"https:\/\/www.edvgarden.com\/it\/giardino\/installazioni\/installazione-19\/#breadcrumb","itemListElement":[{"@type":"ListItem","position":1,"name":"Home","item":"https:\/\/www.edvgarden.com\/it\/"},{"@type":"ListItem","position":2,"name":"Giardino","item":"https:\/\/www.edvgarden.com\/it\/giardino\/"},{"@type":"ListItem","position":3,"name":"Installazioni","item":"https:\/\/www.edvgarden.com\/it\/giardino\/installazioni\/"},{"@type":"ListItem","position":4,"name":"Scheda installazione 19"}]},{"@type":"WebSite","@id":"https:\/\/www.edvgarden.com\/it\/#website","url":"https:\/\/www.edvgarden.com\/it\/","name":"EdV a Garden with a View","description":"A Garden With a View in Florence","publisher":{"@id":"https:\/\/www.edvgarden.com\/it\/#organization"},"potentialAction":[{"@type":"SearchAction","target":{"@type":"EntryPoint","urlTemplate":"https:\/\/www.edvgarden.com\/it\/?s={search_term_string}"},"query-input":{"@type":"PropertyValueSpecification","valueRequired":true,"valueName":"search_term_string"}}],"inLanguage":"it-IT"},{"@type":"Organization","@id":"https:\/\/www.edvgarden.com\/it\/#organization","name":"EdV Garden di Alice Benedetta Esclapon de Villeneuve","url":"https:\/\/www.edvgarden.com\/it\/","logo":{"@type":"ImageObject","inLanguage":"it-IT","@id":"https:\/\/www.edvgarden.com\/it\/#\/schema\/logo\/image\/","url":"https:\/\/www.edvgarden.com\/wp-content\/uploads\/2022\/01\/logo_EDV_rotondo.png","contentUrl":"https:\/\/www.edvgarden.com\/wp-content\/uploads\/2022\/01\/logo_EDV_rotondo.png","width":2480,"height":2480,"caption":"EdV Garden di Alice Benedetta Esclapon de Villeneuve"},"image":{"@id":"https:\/\/www.edvgarden.com\/it\/#\/schema\/logo\/image\/"}}]}},"_links":{"self":[{"href":"https:\/\/www.edvgarden.com\/it\/wp-json\/wp\/v2\/pages\/49838","targetHints":{"allow":["GET"]}}],"collection":[{"href":"https:\/\/www.edvgarden.com\/it\/wp-json\/wp\/v2\/pages"}],"about":[{"href":"https:\/\/www.edvgarden.com\/it\/wp-json\/wp\/v2\/types\/page"}],"author":[{"embeddable":true,"href":"https:\/\/www.edvgarden.com\/it\/wp-json\/wp\/v2\/users\/2"}],"replies":[{"embeddable":true,"href":"https:\/\/www.edvgarden.com\/it\/wp-json\/wp\/v2\/comments?post=49838"}],"version-history":[{"count":0,"href":"https:\/\/www.edvgarden.com\/it\/wp-json\/wp\/v2\/pages\/49838\/revisions"}],"up":[{"embeddable":true,"href":"https:\/\/www.edvgarden.com\/it\/wp-json\/wp\/v2\/pages\/753"}],"wp:attachment":[{"href":"https:\/\/www.edvgarden.com\/it\/wp-json\/wp\/v2\/media?parent=49838"}],"curies":[{"name":"wp","href":"https:\/\/api.w.org\/{rel}","templated":true}]}}