{"id":50510,"date":"2022-02-17T16:24:54","date_gmt":"2022-02-17T15:24:54","guid":{"rendered":"https:\/\/www.edvgarden.com\/?page_id=50510"},"modified":"2022-03-30T10:53:11","modified_gmt":"2022-03-30T08:53:11","slug":"condizioni-di-vendita","status":"publish","type":"page","link":"https:\/\/www.edvgarden.com\/it\/condizioni-di-vendita\/","title":{"rendered":"Condizioni di vendita"},"content":{"rendered":"<p>[et_pb_section fb_built=&#8221;1&#8243; custom_padding_last_edited=&#8221;on|phone&#8221; admin_label=&#8221;Condizioni di vendita&#8221; _builder_version=&#8221;4.15&#8243; background_color=&#8221;#f8f6f4&#8243; background_position=&#8221;top_center&#8221; custom_margin_tablet=&#8221;&#8221; custom_margin_phone=&#8221;&#8221; custom_margin_last_edited=&#8221;on|phone&#8221; custom_padding=&#8221;2%|0px|50px|0px|false|false&#8221; custom_padding_tablet=&#8221;2%|0px|50px|0px|false|false&#8221; custom_padding_phone=&#8221;2%|0px|50px|0px|false|false&#8221; global_colors_info=&#8221;{}&#8221;][et_pb_row custom_padding_last_edited=&#8221;off|desktop&#8221; admin_label=&#8221;sezione Condizioni di vendita&#8221; _builder_version=&#8221;4.15&#8243; background_size=&#8221;initial&#8221; background_position=&#8221;top_left&#8221; background_repeat=&#8221;repeat&#8221; module_alignment=&#8221;center&#8221; custom_margin=&#8221;||30px||false|false&#8221; custom_padding=&#8221;||||false|false&#8221; custom_padding_phone=&#8221;3vw|||&#8221; global_colors_info=&#8221;{}&#8221;][et_pb_column type=&#8221;4_4&#8243; _builder_version=&#8221;4.15&#8243; custom_padding=&#8221;|||&#8221; global_colors_info=&#8221;{}&#8221; custom_padding__hover=&#8221;|||&#8221;][et_pb_text admin_label=&#8221;INFO VISITA&#8221; _builder_version=&#8221;4.15&#8243; _module_preset=&#8221;default&#8221; text_font=&#8221;Montserrat|600|||||||&#8221; text_text_color=&#8221;#ffb031&#8243; text_letter_spacing=&#8221;1px&#8221; text_line_height=&#8221;1em&#8221; custom_margin=&#8221;||20px||false|false&#8221; custom_padding=&#8221;||||false|false&#8221; locked=&#8221;off&#8221; global_colors_info=&#8221;{}&#8221;]<\/p>\n<p>INFO VISITA<\/p>\n<p>[\/et_pb_text][et_pb_text admin_label=&#8221;Condizioni di vendita&#8221; _builder_version=&#8221;4.15&#8243; text_font=&#8221;Montserrat||||||||&#8221; text_font_size=&#8221;18px&#8221; text_line_height=&#8221;1.8em&#8221; header_font=&#8221;Playfair Display||||||||&#8221; header_text_align=&#8221;left&#8221; header_text_color=&#8221;#0B4A3C&#8221; header_font_size=&#8221;40px&#8221; header_line_height=&#8221;1.2em&#8221; header_2_font=&#8221;Playfair Display||on||||||&#8221; header_2_text_color=&#8221;#0b4a3c&#8221; header_2_font_size=&#8221;30px&#8221; text_orientation=&#8221;center&#8221; max_width=&#8221;100%&#8221; max_width_last_edited=&#8221;off|desktop&#8221; module_alignment=&#8221;left&#8221; custom_margin=&#8221;0px||0px||false|false&#8221; custom_padding=&#8221;0px||0px||false|false&#8221; custom_padding_last_edited=&#8221;off|desktop&#8221; animation_style=&#8221;fade&#8221; text_font_size_tablet=&#8221;17px&#8221; text_font_size_phone=&#8221;16px&#8221; text_font_size_last_edited=&#8221;on|phone&#8221; header_font_size_tablet=&#8221;40px&#8221; header_font_size_phone=&#8221;30px&#8221; header_font_size_last_edited=&#8221;on|phone&#8221; global_colors_info=&#8221;{}&#8221;]<\/p>\n<h1>Termini e Condizioni di Vendita<\/h1>\n<p>[\/et_pb_text][\/et_pb_column][\/et_pb_row][et_pb_row use_custom_gutter=&#8221;on&#8221; gutter_width=&#8221;1&#8243; make_equal=&#8221;on&#8221; admin_label=&#8221;testo&#8221; _builder_version=&#8221;4.15&#8243; custom_padding=&#8221;0px||0px||false|false&#8221; global_colors_info=&#8221;{}&#8221;][et_pb_column type=&#8221;4_4&#8243; _builder_version=&#8221;4.15&#8243; custom_padding=&#8221;|||&#8221; global_colors_info=&#8221;{}&#8221; custom_padding__hover=&#8221;|||&#8221;][et_pb_text _builder_version=&#8221;4.15.1&#8243; _module_preset=&#8221;default&#8221; hover_enabled=&#8221;0&#8243; global_colors_info=&#8221;{}&#8221; sticky_enabled=&#8221;0&#8243;]<\/p>\n<h3>Biglietti &#8211; Ingresso in EdV Garden<\/h3>\n<p>Tutti i biglietti sono venduti in base alla disponibilit\u00e0 e alle presenti condizioni, che devono essere letti attentamente prima dell&#8217;acquisto e qualsiasi domanda ad essi relativa deve essere rivolta a noi prima dell&#8217;acquisto poich\u00e9 l&#8217;acquisto dei Biglietti costituisce accettazione di questi Termini e Condizioni.<\/p>\n<p>Per partecipare a un Evento EdV Garden \u00e8 necessario esibire un biglietto valido. La rimozione di qualsiasi parte, alterazione o deturpazione del Biglietto potrebbe invalidare il Biglietto.<\/p>\n<p>\u00c8 tua responsabilit\u00e0 controllare i tuoi biglietti poich\u00e9 se fosse stato commesso un errore non sempre questo potr\u00e0 essere rettificato dopo l&#8217;acquisto. Si prega di controllare attentamente i biglietti alla ricezione e di contattarci immediatamente in caso di errore. Non saremo responsabili per eventuali Biglietti smarriti, rubati o distrutti.<\/p>\n<p>La propriet\u00e0 o il possesso di un Biglietto non conferisce all&#8217;Utente alcun diritto (implicito o meno) di utilizzare, alterare, copiare o altrimenti trattare qualsiasi simbolo, marchio, logo e\/o propriet\u00e0 intellettuale che appaiono sul Biglietto.<\/p>\n<h3>Prezzo e pagamento<\/h3>\n<p>Il prezzo del Biglietto sar\u00e0 il prezzo stabilito al momento dell&#8217;accettazione dell&#8217;ordine. Tutti i prezzi stabiliti sono comprensivi di eventuali tasse applicabili. Nessun ordine sar\u00e0 accettato fino a quando non avremo ricevuto il pagamento completo.<\/p>\n<h3>Modifiche all\u2019evento<\/h3>\n<p>Ove ragionevolmente necessario, l&#8217;organizzatore dell&#8217;Evento e\/o la Sede si riserva il diritto di apportare modifiche al programma dell&#8217;Evento pubblicato.<\/p>\n<h3>Rimborsi \/ Modifiche<\/h3>\n<p>Se non puoi pi\u00f9 partecipare ad un evento Edv Garden, il costo del tuo biglietto non pu\u00f2 essere rimborsato.<\/p>\n<p>I biglietti non possono essere cambiati o rimborsati dopo l&#8217;acquisto a meno che l&#8217;Evento non sia cancellato o riprogrammato o in caso di modifiche \u201csostanziali\u201d al programma dell&#8217;Evento (vedi quanto riportato di seguito).<br \/>Laddove un Evento venga cancellato o riprogrammato a causa di circostanze al di fuori del Nostro controllo, o in caso di modifiche sostanziali al programma dell&#8217;Evento, avrai diritto ad un credito (coupon) per l&#8217;intero valore del Biglietto, riscattabile per qualsiasi altro Evento.<\/p>\n<p>Un cambiamento &#8220;sostanziale&#8221; \u00e8 un cambiamento che, secondo la Nostra ragionevole opinione, rende l&#8217;Evento sostanzialmente diverso dall&#8217;Evento che gli acquirenti del Biglietto, in generale, potrebbero ragionevolmente aspettarsi.<\/p>\n<p>Laddove un Evento all&#8217;aperto venga annullato o ridotto a causa di condizioni meteorologiche avverse, non saremo tenuti a effettuare alcun rimborso o pagare alcun compenso. Avrai diritto a un credito (coupon) per l&#8217;intero valore del Biglietto, riscattabile in un&#8217;altra data o Evento specifico.<\/p>\n<h3>Rivendita \/ trasferimento di biglietti<\/h3>\n<p>Puoi rivendere o trasferire un Biglietto a una terza parte informando EdV Garden il prima possibile inviando un&#8217;e-mail a info@edvgarden.com con il tuo nome, il nome della persona che parteciper\u00e0 e il suo indirizzo e-mail e numero di telefono di contatto.<\/p>\n<p>[\/et_pb_text][\/et_pb_column][\/et_pb_row][\/et_pb_section]<\/p>\n","protected":false},"excerpt":{"rendered":"<p>INFO VISITATermini e Condizioni di VenditaBiglietti &#8211; Ingresso in EdV Garden Tutti i biglietti sono venduti in base alla disponibilit\u00e0 e alle presenti condizioni, che devono essere letti attentamente prima dell&#8217;acquisto e qualsiasi domanda ad essi relativa deve essere rivolta a noi prima dell&#8217;acquisto poich\u00e9 l&#8217;acquisto dei Biglietti costituisce accettazione di questi Termini e Condizioni. [&hellip;]<\/p>\n","protected":false},"author":2,"featured_media":0,"parent":0,"menu_order":0,"comment_status":"closed","ping_status":"closed","template":"","meta":{"_et_pb_use_builder":"on","_et_pb_old_content":"","_et_gb_content_width":"","footnotes":""},"class_list":["post-50510","page","type-page","status-publish","hentry"],"yoast_head":"<!-- This site is optimized with the Yoast SEO plugin v27.4 - https:\/\/yoast.com\/product\/yoast-seo-wordpress\/ -->\n<title>Condizioni di vendita | EdV a Garden with a View<\/title>\n<meta name=\"robots\" content=\"index, follow, max-snippet:-1, max-image-preview:large, max-video-preview:-1\" \/>\n<link rel=\"canonical\" href=\"https:\/\/www.edvgarden.com\/it\/condizioni-di-vendita\/\" \/>\n<meta property=\"og:locale\" content=\"it_IT\" \/>\n<meta property=\"og:type\" content=\"article\" \/>\n<meta property=\"og:title\" content=\"Condizioni di vendita | EdV a Garden with a View\" \/>\n<meta property=\"og:description\" content=\"INFO VISITATermini e Condizioni di VenditaBiglietti - Ingresso in EdV Garden Tutti i biglietti sono venduti in base alla disponibilit\u00e0 e alle presenti condizioni, che devono essere letti attentamente prima dell&#039;acquisto e qualsiasi domanda ad essi relativa deve essere rivolta a noi prima dell&#039;acquisto poich\u00e9 l&#039;acquisto dei Biglietti costituisce accettazione di questi Termini e Condizioni. [&hellip;]\" \/>\n<meta property=\"og:url\" content=\"https:\/\/www.edvgarden.com\/it\/condizioni-di-vendita\/\" \/>\n<meta property=\"og:site_name\" content=\"EdV a Garden with a View\" \/>\n<meta property=\"article:modified_time\" content=\"2022-03-30T08:53:11+00:00\" \/>\n<meta property=\"og:image\" content=\"https:\/\/www.edvgarden.com\/wp-content\/uploads\/2022\/01\/logo_EDV_400.png\" \/>\n\t<meta property=\"og:image:width\" content=\"400\" \/>\n\t<meta property=\"og:image:height\" content=\"400\" \/>\n\t<meta property=\"og:image:type\" content=\"image\/png\" \/>\n<meta name=\"twitter:card\" content=\"summary_large_image\" \/>\n<script type=\"application\/ld+json\" class=\"yoast-schema-graph\">{\"@context\":\"https:\\\/\\\/schema.org\",\"@graph\":[{\"@type\":\"WebPage\",\"@id\":\"https:\\\/\\\/www.edvgarden.com\\\/it\\\/condizioni-di-vendita\\\/\",\"url\":\"https:\\\/\\\/www.edvgarden.com\\\/it\\\/condizioni-di-vendita\\\/\",\"name\":\"Condizioni di vendita | EdV a Garden with a View\",\"isPartOf\":{\"@id\":\"https:\\\/\\\/www.edvgarden.com\\\/it\\\/#website\"},\"datePublished\":\"2022-02-17T15:24:54+00:00\",\"dateModified\":\"2022-03-30T08:53:11+00:00\",\"breadcrumb\":{\"@id\":\"https:\\\/\\\/www.edvgarden.com\\\/it\\\/condizioni-di-vendita\\\/#breadcrumb\"},\"inLanguage\":\"it-IT\",\"potentialAction\":[{\"@type\":\"ReadAction\",\"target\":[\"https:\\\/\\\/www.edvgarden.com\\\/it\\\/condizioni-di-vendita\\\/\"]}]},{\"@type\":\"BreadcrumbList\",\"@id\":\"https:\\\/\\\/www.edvgarden.com\\\/it\\\/condizioni-di-vendita\\\/#breadcrumb\",\"itemListElement\":[{\"@type\":\"ListItem\",\"position\":1,\"name\":\"Home\",\"item\":\"https:\\\/\\\/www.edvgarden.com\\\/it\\\/\"},{\"@type\":\"ListItem\",\"position\":2,\"name\":\"Condizioni di vendita\"}]},{\"@type\":\"WebSite\",\"@id\":\"https:\\\/\\\/www.edvgarden.com\\\/it\\\/#website\",\"url\":\"https:\\\/\\\/www.edvgarden.com\\\/it\\\/\",\"name\":\"EdV a Garden with a View\",\"description\":\"A Garden With a View in Florence\",\"publisher\":{\"@id\":\"https:\\\/\\\/www.edvgarden.com\\\/it\\\/#organization\"},\"potentialAction\":[{\"@type\":\"SearchAction\",\"target\":{\"@type\":\"EntryPoint\",\"urlTemplate\":\"https:\\\/\\\/www.edvgarden.com\\\/it\\\/?s={search_term_string}\"},\"query-input\":{\"@type\":\"PropertyValueSpecification\",\"valueRequired\":true,\"valueName\":\"search_term_string\"}}],\"inLanguage\":\"it-IT\"},{\"@type\":\"Organization\",\"@id\":\"https:\\\/\\\/www.edvgarden.com\\\/it\\\/#organization\",\"name\":\"EdV Garden di Alice Benedetta Esclapon de Villeneuve\",\"url\":\"https:\\\/\\\/www.edvgarden.com\\\/it\\\/\",\"logo\":{\"@type\":\"ImageObject\",\"inLanguage\":\"it-IT\",\"@id\":\"https:\\\/\\\/www.edvgarden.com\\\/it\\\/#\\\/schema\\\/logo\\\/image\\\/\",\"url\":\"https:\\\/\\\/www.edvgarden.com\\\/wp-content\\\/uploads\\\/2022\\\/01\\\/logo_EDV_rotondo.png\",\"contentUrl\":\"https:\\\/\\\/www.edvgarden.com\\\/wp-content\\\/uploads\\\/2022\\\/01\\\/logo_EDV_rotondo.png\",\"width\":2480,\"height\":2480,\"caption\":\"EdV Garden di Alice Benedetta Esclapon de Villeneuve\"},\"image\":{\"@id\":\"https:\\\/\\\/www.edvgarden.com\\\/it\\\/#\\\/schema\\\/logo\\\/image\\\/\"}}]}<\/script>\n<!-- \/ Yoast SEO plugin. -->","yoast_head_json":{"title":"Condizioni di vendita | EdV a Garden with a View","robots":{"index":"index","follow":"follow","max-snippet":"max-snippet:-1","max-image-preview":"max-image-preview:large","max-video-preview":"max-video-preview:-1"},"canonical":"https:\/\/www.edvgarden.com\/it\/condizioni-di-vendita\/","og_locale":"it_IT","og_type":"article","og_title":"Condizioni di vendita | EdV a Garden with a View","og_description":"INFO VISITATermini e Condizioni di VenditaBiglietti - Ingresso in EdV Garden Tutti i biglietti sono venduti in base alla disponibilit\u00e0 e alle presenti condizioni, che devono essere letti attentamente prima dell'acquisto e qualsiasi domanda ad essi relativa deve essere rivolta a noi prima dell'acquisto poich\u00e9 l'acquisto dei Biglietti costituisce accettazione di questi Termini e Condizioni. [&hellip;]","og_url":"https:\/\/www.edvgarden.com\/it\/condizioni-di-vendita\/","og_site_name":"EdV a Garden with a View","article_modified_time":"2022-03-30T08:53:11+00:00","og_image":[{"width":400,"height":400,"url":"https:\/\/www.edvgarden.com\/wp-content\/uploads\/2022\/01\/logo_EDV_400.png","type":"image\/png"}],"twitter_card":"summary_large_image","schema":{"@context":"https:\/\/schema.org","@graph":[{"@type":"WebPage","@id":"https:\/\/www.edvgarden.com\/it\/condizioni-di-vendita\/","url":"https:\/\/www.edvgarden.com\/it\/condizioni-di-vendita\/","name":"Condizioni di vendita | EdV a Garden with a View","isPartOf":{"@id":"https:\/\/www.edvgarden.com\/it\/#website"},"datePublished":"2022-02-17T15:24:54+00:00","dateModified":"2022-03-30T08:53:11+00:00","breadcrumb":{"@id":"https:\/\/www.edvgarden.com\/it\/condizioni-di-vendita\/#breadcrumb"},"inLanguage":"it-IT","potentialAction":[{"@type":"ReadAction","target":["https:\/\/www.edvgarden.com\/it\/condizioni-di-vendita\/"]}]},{"@type":"BreadcrumbList","@id":"https:\/\/www.edvgarden.com\/it\/condizioni-di-vendita\/#breadcrumb","itemListElement":[{"@type":"ListItem","position":1,"name":"Home","item":"https:\/\/www.edvgarden.com\/it\/"},{"@type":"ListItem","position":2,"name":"Condizioni di vendita"}]},{"@type":"WebSite","@id":"https:\/\/www.edvgarden.com\/it\/#website","url":"https:\/\/www.edvgarden.com\/it\/","name":"EdV a Garden with a View","description":"A Garden With a View in Florence","publisher":{"@id":"https:\/\/www.edvgarden.com\/it\/#organization"},"potentialAction":[{"@type":"SearchAction","target":{"@type":"EntryPoint","urlTemplate":"https:\/\/www.edvgarden.com\/it\/?s={search_term_string}"},"query-input":{"@type":"PropertyValueSpecification","valueRequired":true,"valueName":"search_term_string"}}],"inLanguage":"it-IT"},{"@type":"Organization","@id":"https:\/\/www.edvgarden.com\/it\/#organization","name":"EdV Garden di Alice Benedetta Esclapon de Villeneuve","url":"https:\/\/www.edvgarden.com\/it\/","logo":{"@type":"ImageObject","inLanguage":"it-IT","@id":"https:\/\/www.edvgarden.com\/it\/#\/schema\/logo\/image\/","url":"https:\/\/www.edvgarden.com\/wp-content\/uploads\/2022\/01\/logo_EDV_rotondo.png","contentUrl":"https:\/\/www.edvgarden.com\/wp-content\/uploads\/2022\/01\/logo_EDV_rotondo.png","width":2480,"height":2480,"caption":"EdV Garden di Alice Benedetta Esclapon de Villeneuve"},"image":{"@id":"https:\/\/www.edvgarden.com\/it\/#\/schema\/logo\/image\/"}}]}},"_links":{"self":[{"href":"https:\/\/www.edvgarden.com\/it\/wp-json\/wp\/v2\/pages\/50510","targetHints":{"allow":["GET"]}}],"collection":[{"href":"https:\/\/www.edvgarden.com\/it\/wp-json\/wp\/v2\/pages"}],"about":[{"href":"https:\/\/www.edvgarden.com\/it\/wp-json\/wp\/v2\/types\/page"}],"author":[{"embeddable":true,"href":"https:\/\/www.edvgarden.com\/it\/wp-json\/wp\/v2\/users\/2"}],"replies":[{"embeddable":true,"href":"https:\/\/www.edvgarden.com\/it\/wp-json\/wp\/v2\/comments?post=50510"}],"version-history":[{"count":0,"href":"https:\/\/www.edvgarden.com\/it\/wp-json\/wp\/v2\/pages\/50510\/revisions"}],"wp:attachment":[{"href":"https:\/\/www.edvgarden.com\/it\/wp-json\/wp\/v2\/media?parent=50510"}],"curies":[{"name":"wp","href":"https:\/\/api.w.org\/{rel}","templated":true}]}}