{"id":88198,"date":"2024-02-15T10:43:51","date_gmt":"2024-02-15T09:43:51","guid":{"rendered":"https:\/\/www.edvgarden.com\/giardino\/installazioni-copy\/"},"modified":"2026-02-19T16:39:28","modified_gmt":"2026-02-19T15:39:28","slug":"percorsi-nascosti","status":"publish","type":"page","link":"https:\/\/www.edvgarden.com\/it\/giardino\/percorsi-nascosti\/","title":{"rendered":"Percorsi Nascosti"},"content":{"rendered":"<p>[et_pb_section fb_built=&#8221;1&#8243; custom_padding_last_edited=&#8221;on|phone&#8221; admin_label=&#8221;PERCORSI NASCOSTI&#8221; _builder_version=&#8221;4.16&#8243; background_color=&#8221;#f8f6f4&#8243; custom_margin=&#8221;||&#8221; custom_margin_tablet=&#8221;&#8221; custom_margin_phone=&#8221;&#8221; custom_margin_last_edited=&#8221;on|phone&#8221; custom_padding=&#8221;50px|0px|100px|0px|false|false&#8221; custom_padding_tablet=&#8221;30px||&#8221; custom_padding_phone=&#8221;30px||&#8221; da_disable_devices=&#8221;off|off|off&#8221; global_colors_info=&#8221;{}&#8221; da_is_popup=&#8221;off&#8221; da_exit_intent=&#8221;off&#8221; da_has_close=&#8221;on&#8221; da_alt_close=&#8221;off&#8221; da_dark_close=&#8221;off&#8221; da_not_modal=&#8221;on&#8221; da_is_singular=&#8221;off&#8221; da_with_loader=&#8221;off&#8221; da_has_shadow=&#8221;on&#8221;][et_pb_row custom_padding_last_edited=&#8221;off|desktop&#8221; admin_label=&#8221;Header Row&#8221; _builder_version=&#8221;4.27.4&#8243; background_size=&#8221;initial&#8221; background_position=&#8221;top_left&#8221; background_repeat=&#8221;repeat&#8221; custom_margin=&#8221;||64px||false|false&#8221; custom_padding=&#8221;0px||2px|||&#8221; custom_padding_phone=&#8221;3vw|||&#8221; global_colors_info=&#8221;{}&#8221;][et_pb_column type=&#8221;4_4&#8243; _builder_version=&#8221;4.16&#8243; custom_padding=&#8221;|||&#8221; global_colors_info=&#8221;{}&#8221; custom_padding__hover=&#8221;|||&#8221;][et_pb_text admin_label=&#8221;Percorsi Nascosti&#8221; _builder_version=&#8221;4.27.4&#8243; text_font=&#8221;||||||||&#8221; header_font=&#8221;|700|||||||&#8221; header_font_size=&#8221;65px&#8221; header_line_height=&#8221;1.4em&#8221; header_2_font=&#8221;||||||||&#8221; header_2_text_align=&#8221;left&#8221; header_2_text_color=&#8221;#0b4a3c&#8221; header_2_font_size=&#8221;70px&#8221; header_2_line_height=&#8221;1.4em&#8221; header_3_font=&#8221;Muli|200|||||||&#8221; header_3_font_size=&#8221;21px&#8221; header_5_font_size=&#8221;19px&#8221; header_5_line_height=&#8221;1.5em&#8221; max_width=&#8221;1200px&#8221; max_width_last_edited=&#8221;off|desktop&#8221; module_alignment=&#8221;center&#8221; custom_margin=&#8221;|||&#8221; custom_padding=&#8221;||10px||false|false&#8221; custom_padding_last_edited=&#8221;off|desktop&#8221; animation_style=&#8221;fade&#8221; text_font_size_tablet=&#8221;17px&#8221; text_font_size_phone=&#8221;16px&#8221; text_font_size_last_edited=&#8221;on|phone&#8221; header_font_size_tablet=&#8221;&#8221; header_font_size_phone=&#8221;50px&#8221; header_font_size_last_edited=&#8221;on|desktop&#8221; header_2_font_size_tablet=&#8221;55px&#8221; header_2_font_size_phone=&#8221;42px&#8221; header_2_font_size_last_edited=&#8221;on|phone&#8221; global_colors_info=&#8221;{}&#8221;]<\/p>\n<h2>Percorsi Nascosti<\/h2>\n<p>In un mondo frenetico ma a suo modo prevedibile, questi percorsi svelati allo sguardo del visitatore si offrono come un rifugio e un luogo dove perdersi; dove \u00e8 possibile che l&#8217;immaginazione prenda il sopravvento e si abbandoni a viaggiare, lasciandosi ispirare dai dettagli del mondo verde e vibrante del giardino.<\/p>\n<p>[\/et_pb_text][\/et_pb_column][\/et_pb_row][et_pb_row column_structure=&#8221;1_2,1_2&#8243; use_custom_gutter=&#8221;on&#8221; gutter_width=&#8221;1&#8243; make_equal=&#8221;on&#8221; admin_label=&#8221;Installazione 1&#8243; _builder_version=&#8221;4.27.4&#8243; custom_margin=&#8221;||64px||false|false&#8221; locked=&#8221;off&#8221; global_colors_info=&#8221;{}&#8221;][et_pb_column type=&#8221;1_2&#8243; _builder_version=&#8221;4.27.4&#8243; background_color=&#8221;#ffffff&#8221; custom_padding=&#8221;60px|60px|60px|60px&#8221; custom_padding_tablet=&#8221;60px|60px|60px|60px&#8221; custom_padding_phone=&#8221;|30px||30px|false|true&#8221; custom_padding_last_edited=&#8221;on|phone&#8221; border_radii=&#8221;off|9px|||9px&#8221; border_radii_tablet=&#8221;off|9px|9px||0px&#8221; border_radii_phone=&#8221;off|9px|9px||0px&#8221; border_radii_last_edited=&#8221;on|desktop&#8221; global_colors_info=&#8221;{}&#8221; custom_padding__hover=&#8221;|||&#8221;][et_pb_cta title=&#8221;Percorso in ombra&#8221; button_url=&#8221;@ET-DC@eyJkeW5hbWljIjp0cnVlLCJjb250ZW50IjoicG9zdF9saW5rX3VybF9wYWdlIiwic2V0dGluZ3MiOnsicG9zdF9pZCI6IjQ5OTE0In19@&#8221; admin_label=&#8221;Percorso in ombra&#8221; _builder_version=&#8221;4.27.4&#8243; _dynamic_attributes=&#8221;button_url&#8221; header_level=&#8221;h3&#8243; header_font=&#8221;||||||||&#8221; header_text_color=&#8221;#00362a&#8221; header_font_size=&#8221;30px&#8221; header_line_height=&#8221;1.4em&#8221; body_font=&#8221;||||||||&#8221; body_line_height=&#8221;1.8em&#8221; use_background_color=&#8221;off&#8221; custom_button=&#8221;on&#8221; button_text_size=&#8221;16px&#8221; button_text_color=&#8221;#000000&#8243; button_bg_color=&#8221;#ffb031&#8243; button_border_width=&#8221;10px&#8221; button_border_color=&#8221;#ffb031&#8243; button_border_radius=&#8221;0px&#8221; button_font=&#8221;Montserrat|700|||||||&#8221; button_use_icon=&#8221;off&#8221; text_orientation=&#8221;left&#8221; background_layout=&#8221;light&#8221; custom_margin=&#8221;80px||||false|false&#8221; custom_margin_tablet=&#8221;&#8221; custom_margin_phone=&#8221;0px||||false|true&#8221; custom_margin_last_edited=&#8221;on|phone&#8221; custom_padding=&#8221;|||&#8221; header_font_size_tablet=&#8221;&#8221; header_font_size_phone=&#8221;25px&#8221; header_font_size_last_edited=&#8221;on|phone&#8221; body_font_size_tablet=&#8221;17px&#8221; body_font_size_phone=&#8221;16px&#8221; body_font_size_last_edited=&#8221;on|phone&#8221; button_border_radius_hover=&#8221;0px&#8221; global_colors_info=&#8221;{}&#8221; button_text_size__hover_enabled=&#8221;off&#8221; button_one_text_size__hover_enabled=&#8221;off&#8221; button_two_text_size__hover_enabled=&#8221;off&#8221; button_text_color__hover_enabled=&#8221;off&#8221; button_one_text_color__hover_enabled=&#8221;off&#8221; button_two_text_color__hover_enabled=&#8221;off&#8221; button_border_width__hover_enabled=&#8221;off&#8221; button_one_border_width__hover_enabled=&#8221;off&#8221; button_two_border_width__hover_enabled=&#8221;off&#8221; button_border_color__hover_enabled=&#8221;off&#8221; button_one_border_color__hover_enabled=&#8221;off&#8221; button_two_border_color__hover_enabled=&#8221;off&#8221; button_border_radius__hover_enabled=&#8221;on&#8221; button_border_radius__hover=&#8221;0px&#8221; button_one_border_radius__hover_enabled=&#8221;off&#8221; button_two_border_radius__hover_enabled=&#8221;off&#8221; button_letter_spacing__hover_enabled=&#8221;off&#8221; button_one_letter_spacing__hover_enabled=&#8221;off&#8221; button_two_letter_spacing__hover_enabled=&#8221;off&#8221; button_bg_color__hover_enabled=&#8221;off&#8221; button_one_bg_color__hover_enabled=&#8221;off&#8221; button_two_bg_color__hover_enabled=&#8221;off&#8221;]<\/p>\n<h4><\/h4>\n<p>Il percorso si compone di 7 gallerie, ciascuna con un nome stravagante, che attendono con pazienza di condurre gli ospiti verso la sommit\u00e0 del giardino, dove si trova Il Tavolino Romantico: punto di incontro metafisico sospeso tra realt\u00e0 e sogno, un incrocio tra i sentieri ombrosi. Il percorso \u00e8 un invito all\u2019introspezione, allo sguardo rivolto verso s\u00e9 stessi e i propri pensieri, mentre si contempla la natura.<\/p>\n<p>[\/et_pb_cta][\/et_pb_column][et_pb_column type=&#8221;1_2&#8243; _builder_version=&#8221;4.27.4&#8243; custom_padding=&#8221;|||&#8221; border_radii=&#8221;off||9px|9px|&#8221; border_radii_tablet=&#8221;off||0px|9px|9px&#8221; border_radii_phone=&#8221;off||0px|9px|9px&#8221; border_radii_last_edited=&#8221;on|phone&#8221; global_colors_info=&#8221;{}&#8221; custom_padding__hover=&#8221;|||&#8221;][et_pb_image src=&#8221;https:\/\/www.edvgarden.com\/wp-content\/uploads\/2024\/05\/IMG_4038.jpeg&#8221; alt=&#8221;Percorso in ombra generale&#8221; title_text=&#8221;IMG_4038&#8243; align_tablet=&#8221;center&#8221; align_phone=&#8221;&#8221; align_last_edited=&#8221;on|desktop&#8221; admin_label=&#8221;Immagine&#8221; _builder_version=&#8221;4.24.0&#8243; global_colors_info=&#8221;{}&#8221;][\/et_pb_image][\/et_pb_column][\/et_pb_row][et_pb_row column_structure=&#8221;1_2,1_2&#8243; use_custom_gutter=&#8221;on&#8221; gutter_width=&#8221;1&#8243; make_equal=&#8221;on&#8221; admin_label=&#8221;Installazione 2&#8243; _builder_version=&#8221;4.27.4&#8243; custom_margin=&#8221;||64px||false|false&#8221; locked=&#8221;off&#8221; global_colors_info=&#8221;{}&#8221;][et_pb_column type=&#8221;1_2&#8243; _builder_version=&#8221;4.27.4&#8243; custom_padding=&#8221;|||&#8221; border_radii=&#8221;off|9px|||9px&#8221; border_radii_tablet=&#8221;off|9px|9px|0px|0px&#8221; border_radii_phone=&#8221;off|9px|9px||0px&#8221; border_radii_last_edited=&#8221;on|phone&#8221; global_colors_info=&#8221;{}&#8221; custom_padding__hover=&#8221;|||&#8221;][et_pb_image src=&#8221;https:\/\/www.edvgarden.com\/wp-content\/uploads\/2024\/05\/IMG_4025.jpeg&#8221; alt=&#8221;Farfalle Generale&#8221; title_text=&#8221;IMG_4025&#8243; align_tablet=&#8221;center&#8221; align_phone=&#8221;&#8221; align_last_edited=&#8221;on|desktop&#8221; _builder_version=&#8221;4.27.4&#8243; border_radii_tablet=&#8221;&#8221; border_radii_phone=&#8221;off|9px|9px||&#8221; border_radii_last_edited=&#8221;on|phone&#8221; global_colors_info=&#8221;{}&#8221;][\/et_pb_image][\/et_pb_column][et_pb_column type=&#8221;1_2&#8243; _builder_version=&#8221;4.27.4&#8243; background_color=&#8221;#ffffff&#8221; custom_padding=&#8221;60px|60px|60px|60px&#8221; custom_padding_tablet=&#8221;60px|60px|60px|60px&#8221; custom_padding_phone=&#8221;|30px||30px|false|true&#8221; custom_padding_last_edited=&#8221;on|phone&#8221; border_radii=&#8221;off||9px|9px|&#8221; border_radii_tablet=&#8221;off|0px|0px|9px|9px&#8221; border_radii_phone=&#8221;off|0px|0px||9px&#8221; border_radii_last_edited=&#8221;on|phone&#8221; global_colors_info=&#8221;{}&#8221; custom_padding__hover=&#8221;|||&#8221;][et_pb_cta title=&#8221;La fabbrica delle farfalle&#8221; button_url=&#8221;@ET-DC@eyJkeW5hbWljIjp0cnVlLCJjb250ZW50IjoicG9zdF9saW5rX3VybF9wYWdlIiwic2V0dGluZ3MiOnsicG9zdF9pZCI6IjMxNDUifX0=@&#8221; admin_label=&#8221;La fabbrica delle farfalle&#8221; _builder_version=&#8221;4.27.4&#8243; _dynamic_attributes=&#8221;button_url&#8221; header_level=&#8221;h3&#8243; header_font=&#8221;||||||||&#8221; header_text_color=&#8221;#00362a&#8221; header_font_size=&#8221;30px&#8221; header_line_height=&#8221;1.4em&#8221; body_font=&#8221;||||||||&#8221; body_line_height=&#8221;1.8em&#8221; use_background_color=&#8221;off&#8221; custom_button=&#8221;on&#8221; button_text_size=&#8221;16px&#8221; button_text_color=&#8221;#ffffff&#8221; button_bg_color=&#8221;#ffb031&#8243; button_border_width=&#8221;10px&#8221; button_border_color=&#8221;#ffb031&#8243; button_border_radius=&#8221;0px&#8221; button_font=&#8221;Muli|700|||||||&#8221; button_use_icon=&#8221;off&#8221; text_orientation=&#8221;left&#8221; background_layout=&#8221;light&#8221; custom_margin=&#8221;80px||||false|false&#8221; custom_margin_tablet=&#8221;80px||||false|false&#8221; custom_margin_phone=&#8221;0px||||false|false&#8221; custom_margin_last_edited=&#8221;on|phone&#8221; custom_padding=&#8221;|||&#8221; header_font_size_tablet=&#8221;30px&#8221; header_font_size_phone=&#8221;25px&#8221; header_font_size_last_edited=&#8221;on|phone&#8221; body_font_size_tablet=&#8221;16px&#8221; body_font_size_phone=&#8221;16px&#8221; body_font_size_last_edited=&#8221;on|tablet&#8221; button_border_radius_hover=&#8221;0px&#8221; global_colors_info=&#8221;{}&#8221; button_text_size__hover_enabled=&#8221;off&#8221; button_one_text_size__hover_enabled=&#8221;off&#8221; button_two_text_size__hover_enabled=&#8221;off&#8221; button_text_color__hover_enabled=&#8221;off&#8221; button_one_text_color__hover_enabled=&#8221;off&#8221; button_two_text_color__hover_enabled=&#8221;off&#8221; button_border_width__hover_enabled=&#8221;off&#8221; button_one_border_width__hover_enabled=&#8221;off&#8221; button_two_border_width__hover_enabled=&#8221;off&#8221; button_border_color__hover_enabled=&#8221;off&#8221; button_one_border_color__hover_enabled=&#8221;off&#8221; button_two_border_color__hover_enabled=&#8221;off&#8221; button_border_radius__hover_enabled=&#8221;on&#8221; button_border_radius__hover=&#8221;0px&#8221; button_one_border_radius__hover_enabled=&#8221;off&#8221; button_two_border_radius__hover_enabled=&#8221;off&#8221; button_letter_spacing__hover_enabled=&#8221;off&#8221; button_one_letter_spacing__hover_enabled=&#8221;off&#8221; button_two_letter_spacing__hover_enabled=&#8221;off&#8221; button_bg_color__hover_enabled=&#8221;off&#8221; button_one_bg_color__hover_enabled=&#8221;off&#8221; button_two_bg_color__hover_enabled=&#8221;off&#8221;]<\/p>\n<h4><\/h4>\n<p>Una parte del giardino coltivata per attrarre le farfalle e permettere loro di vivere e riprodursi in un ambiente accogliente. Una successione di spazi dedicati ad ogni stadio di vita: Il Giardino d\u2019Inverno, la Nursery, i Pascoli. Nell\u2019orto possono deporre le uova e crescere tra cavoli e meli, sotto i rami di susini e corbezzoli, in un paradiso di profumi e colori. Biancospino e caprifoglio creano un manto di foglie e fiori, nascondiglio sicuro per le uova.<\/p>\n<p>[\/et_pb_cta][\/et_pb_column][\/et_pb_row][\/et_pb_section]<\/p>\n","protected":false},"excerpt":{"rendered":"<p>Percorsi Nascosti In un mondo frenetico ma a suo modo prevedibile, questi percorsi svelati allo sguardo del visitatore si offrono come un rifugio e un luogo dove perdersi; dove \u00e8 possibile che l&#8217;immaginazione prenda il sopravvento e si abbandoni a viaggiare, lasciandosi ispirare dai dettagli del mondo verde e vibrante del giardino. Il percorso si [&hellip;]<\/p>\n","protected":false},"author":5,"featured_media":0,"parent":54411,"menu_order":0,"comment_status":"closed","ping_status":"closed","template":"","meta":{"_et_pb_use_builder":"on","_et_pb_old_content":"","_et_gb_content_width":"","footnotes":""},"class_list":["post-88198","page","type-page","status-publish","hentry"],"yoast_head":"<!-- This site is optimized with the Yoast SEO plugin v27.4 - https:\/\/yoast.com\/product\/yoast-seo-wordpress\/ -->\n<title>Percorsi nascosti nel giardino segreto a Firenze | EdV a Garden with a View<\/title>\n<meta name=\"description\" content=\"Percorsi ombreggiati, farfalle e sentieri nascosti: vivi un\u2019esperienza immersiva e contemplativa nel giardino segreto di Firenze.\" \/>\n<meta name=\"robots\" content=\"index, follow, max-snippet:-1, max-image-preview:large, max-video-preview:-1\" \/>\n<link rel=\"canonical\" href=\"https:\/\/www.edvgarden.com\/it\/giardino\/percorsi-nascosti\/\" \/>\n<meta property=\"og:locale\" content=\"it_IT\" \/>\n<meta property=\"og:type\" content=\"article\" \/>\n<meta property=\"og:title\" content=\"Percorsi nascosti nel giardino segreto a Firenze | EdV a Garden with a View\" \/>\n<meta property=\"og:description\" content=\"Percorsi ombreggiati, farfalle e sentieri nascosti: vivi un\u2019esperienza immersiva e contemplativa nel giardino segreto di Firenze.\" \/>\n<meta property=\"og:url\" content=\"https:\/\/www.edvgarden.com\/it\/giardino\/percorsi-nascosti\/\" \/>\n<meta property=\"og:site_name\" content=\"EdV a Garden with a View\" \/>\n<meta property=\"article:modified_time\" content=\"2026-02-19T15:39:28+00:00\" \/>\n<meta property=\"og:image\" content=\"https:\/\/www.edvgarden.com\/wp-content\/uploads\/2022\/01\/logo_EDV_400.png\" \/>\n\t<meta property=\"og:image:width\" content=\"400\" \/>\n\t<meta property=\"og:image:height\" content=\"400\" \/>\n\t<meta property=\"og:image:type\" content=\"image\/png\" \/>\n<meta name=\"twitter:card\" content=\"summary_large_image\" \/>\n<script type=\"application\/ld+json\" class=\"yoast-schema-graph\">{\"@context\":\"https:\\\/\\\/schema.org\",\"@graph\":[{\"@type\":\"WebPage\",\"@id\":\"https:\\\/\\\/www.edvgarden.com\\\/it\\\/giardino\\\/percorsi-nascosti\\\/\",\"url\":\"https:\\\/\\\/www.edvgarden.com\\\/it\\\/giardino\\\/percorsi-nascosti\\\/\",\"name\":\"Percorsi nascosti nel giardino segreto a Firenze | EdV a Garden with a View\",\"isPartOf\":{\"@id\":\"https:\\\/\\\/www.edvgarden.com\\\/it\\\/#website\"},\"datePublished\":\"2024-02-15T09:43:51+00:00\",\"dateModified\":\"2026-02-19T15:39:28+00:00\",\"description\":\"Percorsi ombreggiati, farfalle e sentieri nascosti: vivi un\u2019esperienza immersiva e contemplativa nel giardino segreto di Firenze.\",\"breadcrumb\":{\"@id\":\"https:\\\/\\\/www.edvgarden.com\\\/it\\\/giardino\\\/percorsi-nascosti\\\/#breadcrumb\"},\"inLanguage\":\"it-IT\",\"potentialAction\":[{\"@type\":\"ReadAction\",\"target\":[\"https:\\\/\\\/www.edvgarden.com\\\/it\\\/giardino\\\/percorsi-nascosti\\\/\"]}]},{\"@type\":\"BreadcrumbList\",\"@id\":\"https:\\\/\\\/www.edvgarden.com\\\/it\\\/giardino\\\/percorsi-nascosti\\\/#breadcrumb\",\"itemListElement\":[{\"@type\":\"ListItem\",\"position\":1,\"name\":\"Home\",\"item\":\"https:\\\/\\\/www.edvgarden.com\\\/it\\\/\"},{\"@type\":\"ListItem\",\"position\":2,\"name\":\"Giardino\",\"item\":\"https:\\\/\\\/www.edvgarden.com\\\/it\\\/giardino\\\/\"},{\"@type\":\"ListItem\",\"position\":3,\"name\":\"Percorsi Nascosti\"}]},{\"@type\":\"WebSite\",\"@id\":\"https:\\\/\\\/www.edvgarden.com\\\/it\\\/#website\",\"url\":\"https:\\\/\\\/www.edvgarden.com\\\/it\\\/\",\"name\":\"EdV a Garden with a View\",\"description\":\"A Garden With a View in Florence\",\"publisher\":{\"@id\":\"https:\\\/\\\/www.edvgarden.com\\\/it\\\/#organization\"},\"potentialAction\":[{\"@type\":\"SearchAction\",\"target\":{\"@type\":\"EntryPoint\",\"urlTemplate\":\"https:\\\/\\\/www.edvgarden.com\\\/it\\\/?s={search_term_string}\"},\"query-input\":{\"@type\":\"PropertyValueSpecification\",\"valueRequired\":true,\"valueName\":\"search_term_string\"}}],\"inLanguage\":\"it-IT\"},{\"@type\":\"Organization\",\"@id\":\"https:\\\/\\\/www.edvgarden.com\\\/it\\\/#organization\",\"name\":\"EdV Garden di Alice Benedetta Esclapon de Villeneuve\",\"url\":\"https:\\\/\\\/www.edvgarden.com\\\/it\\\/\",\"logo\":{\"@type\":\"ImageObject\",\"inLanguage\":\"it-IT\",\"@id\":\"https:\\\/\\\/www.edvgarden.com\\\/it\\\/#\\\/schema\\\/logo\\\/image\\\/\",\"url\":\"https:\\\/\\\/www.edvgarden.com\\\/wp-content\\\/uploads\\\/2022\\\/01\\\/logo_EDV_rotondo.png\",\"contentUrl\":\"https:\\\/\\\/www.edvgarden.com\\\/wp-content\\\/uploads\\\/2022\\\/01\\\/logo_EDV_rotondo.png\",\"width\":2480,\"height\":2480,\"caption\":\"EdV Garden di Alice Benedetta Esclapon de Villeneuve\"},\"image\":{\"@id\":\"https:\\\/\\\/www.edvgarden.com\\\/it\\\/#\\\/schema\\\/logo\\\/image\\\/\"}}]}<\/script>\n<!-- \/ Yoast SEO plugin. -->","yoast_head_json":{"title":"Percorsi nascosti nel giardino segreto a Firenze | EdV a Garden with a View","description":"Percorsi ombreggiati, farfalle e sentieri nascosti: vivi un\u2019esperienza immersiva e contemplativa nel giardino segreto di Firenze.","robots":{"index":"index","follow":"follow","max-snippet":"max-snippet:-1","max-image-preview":"max-image-preview:large","max-video-preview":"max-video-preview:-1"},"canonical":"https:\/\/www.edvgarden.com\/it\/giardino\/percorsi-nascosti\/","og_locale":"it_IT","og_type":"article","og_title":"Percorsi nascosti nel giardino segreto a Firenze | EdV a Garden with a View","og_description":"Percorsi ombreggiati, farfalle e sentieri nascosti: vivi un\u2019esperienza immersiva e contemplativa nel giardino segreto di Firenze.","og_url":"https:\/\/www.edvgarden.com\/it\/giardino\/percorsi-nascosti\/","og_site_name":"EdV a Garden with a View","article_modified_time":"2026-02-19T15:39:28+00:00","og_image":[{"width":400,"height":400,"url":"https:\/\/www.edvgarden.com\/wp-content\/uploads\/2022\/01\/logo_EDV_400.png","type":"image\/png"}],"twitter_card":"summary_large_image","schema":{"@context":"https:\/\/schema.org","@graph":[{"@type":"WebPage","@id":"https:\/\/www.edvgarden.com\/it\/giardino\/percorsi-nascosti\/","url":"https:\/\/www.edvgarden.com\/it\/giardino\/percorsi-nascosti\/","name":"Percorsi nascosti nel giardino segreto a Firenze | EdV a Garden with a View","isPartOf":{"@id":"https:\/\/www.edvgarden.com\/it\/#website"},"datePublished":"2024-02-15T09:43:51+00:00","dateModified":"2026-02-19T15:39:28+00:00","description":"Percorsi ombreggiati, farfalle e sentieri nascosti: vivi un\u2019esperienza immersiva e contemplativa nel giardino segreto di Firenze.","breadcrumb":{"@id":"https:\/\/www.edvgarden.com\/it\/giardino\/percorsi-nascosti\/#breadcrumb"},"inLanguage":"it-IT","potentialAction":[{"@type":"ReadAction","target":["https:\/\/www.edvgarden.com\/it\/giardino\/percorsi-nascosti\/"]}]},{"@type":"BreadcrumbList","@id":"https:\/\/www.edvgarden.com\/it\/giardino\/percorsi-nascosti\/#breadcrumb","itemListElement":[{"@type":"ListItem","position":1,"name":"Home","item":"https:\/\/www.edvgarden.com\/it\/"},{"@type":"ListItem","position":2,"name":"Giardino","item":"https:\/\/www.edvgarden.com\/it\/giardino\/"},{"@type":"ListItem","position":3,"name":"Percorsi Nascosti"}]},{"@type":"WebSite","@id":"https:\/\/www.edvgarden.com\/it\/#website","url":"https:\/\/www.edvgarden.com\/it\/","name":"EdV a Garden with a View","description":"A Garden With a View in Florence","publisher":{"@id":"https:\/\/www.edvgarden.com\/it\/#organization"},"potentialAction":[{"@type":"SearchAction","target":{"@type":"EntryPoint","urlTemplate":"https:\/\/www.edvgarden.com\/it\/?s={search_term_string}"},"query-input":{"@type":"PropertyValueSpecification","valueRequired":true,"valueName":"search_term_string"}}],"inLanguage":"it-IT"},{"@type":"Organization","@id":"https:\/\/www.edvgarden.com\/it\/#organization","name":"EdV Garden di Alice Benedetta Esclapon de Villeneuve","url":"https:\/\/www.edvgarden.com\/it\/","logo":{"@type":"ImageObject","inLanguage":"it-IT","@id":"https:\/\/www.edvgarden.com\/it\/#\/schema\/logo\/image\/","url":"https:\/\/www.edvgarden.com\/wp-content\/uploads\/2022\/01\/logo_EDV_rotondo.png","contentUrl":"https:\/\/www.edvgarden.com\/wp-content\/uploads\/2022\/01\/logo_EDV_rotondo.png","width":2480,"height":2480,"caption":"EdV Garden di Alice Benedetta Esclapon de Villeneuve"},"image":{"@id":"https:\/\/www.edvgarden.com\/it\/#\/schema\/logo\/image\/"}}]}},"_links":{"self":[{"href":"https:\/\/www.edvgarden.com\/it\/wp-json\/wp\/v2\/pages\/88198","targetHints":{"allow":["GET"]}}],"collection":[{"href":"https:\/\/www.edvgarden.com\/it\/wp-json\/wp\/v2\/pages"}],"about":[{"href":"https:\/\/www.edvgarden.com\/it\/wp-json\/wp\/v2\/types\/page"}],"author":[{"embeddable":true,"href":"https:\/\/www.edvgarden.com\/it\/wp-json\/wp\/v2\/users\/5"}],"replies":[{"embeddable":true,"href":"https:\/\/www.edvgarden.com\/it\/wp-json\/wp\/v2\/comments?post=88198"}],"version-history":[{"count":2,"href":"https:\/\/www.edvgarden.com\/it\/wp-json\/wp\/v2\/pages\/88198\/revisions"}],"predecessor-version":[{"id":93476,"href":"https:\/\/www.edvgarden.com\/it\/wp-json\/wp\/v2\/pages\/88198\/revisions\/93476"}],"up":[{"embeddable":true,"href":"https:\/\/www.edvgarden.com\/it\/wp-json\/wp\/v2\/pages\/54411"}],"wp:attachment":[{"href":"https:\/\/www.edvgarden.com\/it\/wp-json\/wp\/v2\/media?parent=88198"}],"curies":[{"name":"wp","href":"https:\/\/api.w.org\/{rel}","templated":true}]}}